{"id":4210,"date":"2020-11-06T18:03:02","date_gmt":"2020-11-06T18:03:02","guid":{"rendered":"https:\/\/new.blackstudio.it\/approfondimenti\/partnership\/yith-woocommerce\/"},"modified":"2023-12-20T12:13:44","modified_gmt":"2023-12-20T12:13:44","slug":"yith-woocommerce","status":"publish","type":"page","link":"https:\/\/www.blackstudio.it\/en\/insights\/partnership\/yith-woocommerce\/","title":{"rendered":"Partnership YITH"},"content":{"rendered":"\n<div class=\"wp-block-group bs-hero is-layout-flow wp-block-group-is-layout-flow\">\n<div class=\"wp-block-stackable-heading stk-block-heading stk-block-heading--v2 stk-block stk-151d758 hero-surtitle\" id=\"black-studio-e-support-partner-di-yith\" data-block-id=\"151d758\"><h5 class=\"stk-block-heading__text\">Black Studio \u00e8 Support Partner di YITH<\/h5><\/div>\n\n\n\n<div class=\"wp-block-stackable-heading stk-block-heading stk-block-heading--v2 stk-block stk-192a5b5 hero-title\" id=\"supporto-plugin-yith\" data-block-id=\"192a5b5\"><h1 class=\"stk-block-heading__text\">Supporto plugin YITH<\/h1><\/div>\n\n\n\n<div class=\"wp-block-stackable-spacer stk-block-spacer stk--no-padding stk-block stk-838e245\" data-block-id=\"838e245\"><\/div>\n<\/div>\n\n\n\n<div class=\"wp-block-stackable-columns stk-block-columns stk-block stk-b99a3b6\" data-block-id=\"b99a3b6\"><div class=\"stk-row stk-inner-blocks stk-block-content stk-content-align stk-b99a3b6-column\">\n<div class=\"wp-block-stackable-column stk-block-column stk-column stk-block stk-521a818\" data-v=\"4\" data-block-id=\"521a818\"><style>@media screen and (min-width:690px){.stk-521a818{flex:1 1 66.7% !important}}<\/style><div class=\"stk-column-wrapper stk-block-column__content stk-container stk-521a818-container stk--no-background stk--no-padding\"><div class=\"stk-block-content stk-inner-blocks stk-521a818-inner-blocks\">\n<div class=\"wp-block-stackable-heading stk-block-heading stk-block-heading--v2 stk-block stk-f747fa7\" id=\"strong-black-studio-e-a-href-https-yithemes-com-yith-partners-program-target-blank-rel-noreferrer-noopener-support-partner-di-yith-a-fornendo-assistenza-tecnica-in-lingua-italiana-e-inglese-strong\" data-block-id=\"f747fa7\"><h4 class=\"stk-block-heading__text\"><strong>Black Studio \u00e8 <a href=\"https:\/\/yithemes.com\/yith-partners-program\/\" target=\"_blank\" rel=\"noreferrer noopener\">Support Partner di YITH<\/a>, fornendo assistenza tecnica in lingua italiana e inglese.<\/strong><\/h4><\/div>\n\n\n\n<p><strong>Eroghiamo i nostri servizi sia con un pricing a progetto che a tariffazione oraria, a seconda della tipologia e dimensione del lavoro.<\/strong><\/p>\n\n\n\n<div class=\"wp-block-stackable-heading stk-block-heading stk-block-heading--v2 stk-block stk-8ce70f6\" id=\"ti-raccomandiamo-di-leggere-con-attenzione-le-informazioni-sottostanti-per-consentirci-di-effettuare-un-preventivo-per-il-tuo-progetto-di-personalizzazione-di-plugin-yith\" data-block-id=\"8ce70f6\"><h2 class=\"stk-block-heading__text\">Ti raccomandiamo di leggere con attenzione le informazioni sottostanti per consentirci di effettuare un preventivo per il tuo progetto di personalizzazione di plugin YITH.<\/h2><\/div>\n<\/div><\/div><\/div>\n\n\n\n<div class=\"wp-block-stackable-column stk-block-column stk-column stk-block stk-76c8ddc\" data-v=\"4\" data-block-id=\"76c8ddc\"><style>@media screen and (min-width:690px){.stk-76c8ddc{flex:1 1 33.3% !important}}<\/style><div class=\"stk-column-wrapper stk-block-column__content stk-container stk-76c8ddc-container stk--no-background stk--no-padding\"><div class=\"stk-block-content stk-inner-blocks stk-76c8ddc-inner-blocks\">\n<div class=\"wp-block-stackable-image stk-block-image stk-block stk-ff5fe1c\" data-block-id=\"ff5fe1c\"><figure><div class=\"stk-img-wrapper stk-image--shape-stretch\"><img loading=\"lazy\" decoding=\"async\" class=\"stk-img wp-image-3958\" src=\"https:\/\/www.blackstudio.it\/en\/wp-content\/uploads\/yith-logo-2020.png\" width=\"1200\" height=\"293\" alt=\"Yith partner\" srcset=\"https:\/\/www.blackstudio.it\/en\/wp-content\/uploads\/yith-logo-2020.png 1200w, https:\/\/www.blackstudio.it\/en\/wp-content\/uploads\/yith-logo-2020-300x73.png 300w, https:\/\/www.blackstudio.it\/en\/wp-content\/uploads\/yith-logo-2020-1024x250.png 1024w, https:\/\/www.blackstudio.it\/en\/wp-content\/uploads\/yith-logo-2020-768x188.png 768w\" sizes=\"auto, (max-width: 1200px) 100vw, 1200px\" \/><\/div><\/figure><\/div>\n<\/div><\/div><\/div>\n<\/div><\/div>\n\n\n\n<div style=\"height:60px\" aria-hidden=\"true\" class=\"wp-block-spacer\"><\/div>\n\n\n\n<div class=\"wp-block-group is-layout-flow wp-block-group-is-layout-flow\">\n<p class=\"has-text-align-center\"><strong>A causa dell\u2019elevato volume di richieste che riceviamo ti chiediamo gentilmente un po\u2019 di pazienza. Risponderemo alla tua richiesta indicativamente entro 3 giorni lavorativi. Inoltre, la nostra coda di lavorazione attuale non ci consente di affrontare progetti che richiedano tempi di avvio lavori inferiori a 5 giorni lavorativi.<\/strong><\/p>\n\n\n\n<p>Offriamo servizi di personalizzazione di alta qualit\u00e0 per soddisfare le esigenze specifiche dei nostri clienti. Per valutare la fattibilit\u00e0 di ogni richiesta di personalizzazione, \u00e8 necessario dedicare del tempo alla ricerca e all&#8217;analisi dei requisiti. Ci riserviamo il diritto di richiedere una tariffa non rimborsabile per ogni richiesta di preventivo di personalizzazione standard, che copre il tempo e lo sforzo che dedichiamo alla valutazione. Questa quota \u00e8 dovuta in anticipo e deve essere pagata prima di iniziare la valutazione. Se il cliente decide di procedere con il progetto di personalizzazione, accrediteremo la tariffa del preventivo sul costo totale del progetto. Offriamo anche un servizio di consulenza per discutere le esigenze di personalizzazione avanzata.<\/p>\n\n\n\n<p><strong>Per effettuare una valutazione preliminare ti chiediamo di fornirci le seguenti informazioni:<\/strong><\/p>\n\n\n\n<ol class=\"wp-block-list\">\n<li>Documento di specifiche in cui sia illustrata nel modo pi\u00f9 dettagliato possibile la situazione di partenza e la desiderata situazione di arrivo. Ti chiediamo di includere tutti gli screenshot, diagrammi di flusso e dettagli che possano contribuire a illustrare le tue richieste in modo preciso.<\/li>\n\n\n\n<li>Accesso FTP, accesso a pannello mySQL e accesso amministrativo a una copia di staging del sito su cui \u00e8 necessario effettuare le implementazioni. In ogni caso non effettueremo alcun intervento: i nostri accessi saranno effettuati solo a scopo di analisi.&nbsp;<\/li>\n\n\n\n<li>Copia del plugin su cui occorre effettuare la personalizzazione, se non gi\u00e0 installato nel sito.<\/li>\n\n\n\n<li>Tempistiche attese.<\/li>\n\n\n\n<li>Budget.<\/li>\n<\/ol>\n\n\n\n<p>Se hai domande o dubbi riguardo i nostri servizi, non esitare a contattarci.<\/p>\n\n\n\n<div style=\"height:30px\" aria-hidden=\"true\" class=\"wp-block-spacer\"><\/div>\n<\/div>\n\n\n\n<div class=\"wp-block-group alignfull bs-white-section has-palette-color-1-color has-palette-color-4-background-color has-text-color has-background is-layout-flow wp-block-group-is-layout-flow\">\n<div class=\"wp-block-stackable-spacer stk-block-spacer stk--no-padding stk-block stk-93e0180\" data-block-id=\"93e0180\"><\/div>\n\n\n\n<div class=\"wp-block-stackable-heading stk-block-heading stk-block-heading--v2 stk-block stk-74f930e bs-white-section margin-bottom--none\" id=\"puoi-inviarci-la-tua-richiesta-allindirizzo-email\" data-block-id=\"74f930e\"><style>.stk-74f930e .stk-block-heading__text{color:var(--theme-palette-color-1,#000000) !important}<\/style><h2 class=\"stk-block-heading__text has-text-color has-text-align-center\">Puoi inviarci la tua richiesta all&#8217;indirizzo email<\/h2><\/div>\n\n\n\n<div class=\"wp-block-stackable-button-group stk-block-button-group stk-block stk-9eab3c9\" data-block-id=\"9eab3c9\"><div class=\"stk-row stk-inner-blocks has-text-align-center stk-block-content stk-button-group\">\n<div class=\"wp-block-stackable-button stk-block-button stk-block stk-2610392\" data-block-id=\"2610392\"><style>.stk-2610392 .stk-button{background:var(--theme-palette-color-2,#eeb82d) !important}.stk-2610392 .stk-button__inner-text{font-size:23px !important;font-weight:600 !important}@media screen and (max-width:999px){.stk-2610392 .stk-button__inner-text{font-size:23px !important}}<\/style><a class=\"stk-link stk-button stk--hover-effect-darken\" href=\"mailto:supporto@blackstudio.it\"><span class=\"stk-button__inner-text\">supporto@blackstudio.it<\/span><\/a><\/div>\n<\/div><\/div>\n\n\n\n<div class=\"wp-block-stackable-spacer stk-block-spacer stk--no-padding stk-block stk-1b223f7\" data-block-id=\"1b223f7\"><\/div>\n<\/div>\n","protected":false},"excerpt":{"rendered":"<p>Black Studio \u00e8 Support Partner di YITH Supporto plugin YITH Black Studio \u00e8 Support Partner di YITH, fornendo assistenza tecnica in lingua italiana e inglese. Eroghiamo i nostri servizi sia con un pricing a progetto che a tariffazione oraria, a seconda della tipologia e dimensione del lavoro. Ti raccomandiamo di leggere con attenzione le informazioni [&hellip;]<\/p>\n","protected":false},"author":1,"featured_media":0,"parent":4173,"menu_order":0,"comment_status":"open","ping_status":"closed","template":"","meta":{"_acf_changed":false,"_gspb_post_css":"","inline_featured_image":false,"footnotes":""},"class_list":["post-4210","page","type-page","status-publish","hentry"],"blocksy_meta":[],"acf":[],"yoast_head":"<!-- This site is optimized with the Yoast SEO plugin v27.6 - https:\/\/yoast.com\/product\/yoast-seo-wordpress\/ -->\n<title>Partnership YITH - Black Studio<\/title>\n<meta name=\"robots\" content=\"index, follow, max-snippet:-1, max-image-preview:large, max-video-preview:-1\" \/>\n<link rel=\"canonical\" href=\"https:\/\/www.blackstudio.it\/en\/insights\/partnership\/yith-woocommerce\/\" \/>\n<meta property=\"og:locale\" content=\"it_IT\" \/>\n<meta property=\"og:type\" content=\"article\" \/>\n<meta property=\"og:title\" content=\"Partnership YITH - Black Studio\" \/>\n<meta property=\"og:description\" content=\"Black Studio \u00e8 Support Partner di YITH Supporto plugin YITH Black Studio \u00e8 Support Partner di YITH, fornendo assistenza tecnica in lingua italiana e inglese. Eroghiamo i nostri servizi sia con un pricing a progetto che a tariffazione oraria, a seconda della tipologia e dimensione del lavoro. Ti raccomandiamo di leggere con attenzione le informazioni [&hellip;]\" \/>\n<meta property=\"og:url\" content=\"https:\/\/www.blackstudio.it\/en\/insights\/partnership\/yith-woocommerce\/\" \/>\n<meta property=\"og:site_name\" content=\"Black Studio\" \/>\n<meta property=\"article:publisher\" content=\"https:\/\/www.facebook.com\/blackstudiocomunicazione\" \/>\n<meta property=\"article:modified_time\" content=\"2023-12-20T12:13:44+00:00\" \/>\n<meta property=\"og:image\" content=\"https:\/\/www.blackstudio.it\/en\/wp-content\/uploads\/yith-logo-2020.png\" \/>\n<meta name=\"twitter:card\" content=\"summary_large_image\" \/>\n<meta name=\"twitter:site\" content=\"@blackstudioita\" \/>\n<meta name=\"twitter:label1\" content=\"Tempo di lettura stimato\" \/>\n\t<meta name=\"twitter:data1\" content=\"3 minuti\" \/>\n<script type=\"application\/ld+json\" class=\"yoast-schema-graph\">{\"@context\":\"https:\\\/\\\/schema.org\",\"@graph\":[{\"@type\":\"WebPage\",\"@id\":\"https:\\\/\\\/www.blackstudio.it\\\/en\\\/insights\\\/partnership\\\/yith-woocommerce\\\/\",\"url\":\"https:\\\/\\\/www.blackstudio.it\\\/en\\\/insights\\\/partnership\\\/yith-woocommerce\\\/\",\"name\":\"Partnership YITH - Black Studio\",\"isPartOf\":{\"@id\":\"https:\\\/\\\/www.blackstudio.it\\\/en\\\/#website\"},\"primaryImageOfPage\":{\"@id\":\"https:\\\/\\\/www.blackstudio.it\\\/en\\\/insights\\\/partnership\\\/yith-woocommerce\\\/#primaryimage\"},\"image\":{\"@id\":\"https:\\\/\\\/www.blackstudio.it\\\/en\\\/insights\\\/partnership\\\/yith-woocommerce\\\/#primaryimage\"},\"thumbnailUrl\":\"https:\\\/\\\/www.blackstudio.it\\\/en\\\/wp-content\\\/uploads\\\/yith-logo-2020.png\",\"datePublished\":\"2020-11-06T18:03:02+00:00\",\"dateModified\":\"2023-12-20T12:13:44+00:00\",\"breadcrumb\":{\"@id\":\"https:\\\/\\\/www.blackstudio.it\\\/en\\\/insights\\\/partnership\\\/yith-woocommerce\\\/#breadcrumb\"},\"inLanguage\":\"it-IT\",\"potentialAction\":[{\"@type\":\"ReadAction\",\"target\":[\"https:\\\/\\\/www.blackstudio.it\\\/en\\\/insights\\\/partnership\\\/yith-woocommerce\\\/\"]}]},{\"@type\":\"ImageObject\",\"inLanguage\":\"it-IT\",\"@id\":\"https:\\\/\\\/www.blackstudio.it\\\/en\\\/insights\\\/partnership\\\/yith-woocommerce\\\/#primaryimage\",\"url\":\"https:\\\/\\\/www.blackstudio.it\\\/en\\\/wp-content\\\/uploads\\\/yith-logo-2020.png\",\"contentUrl\":\"https:\\\/\\\/www.blackstudio.it\\\/en\\\/wp-content\\\/uploads\\\/yith-logo-2020.png\",\"width\":1200,\"height\":293,\"caption\":\"Yith partner\"},{\"@type\":\"BreadcrumbList\",\"@id\":\"https:\\\/\\\/www.blackstudio.it\\\/en\\\/insights\\\/partnership\\\/yith-woocommerce\\\/#breadcrumb\",\"itemListElement\":[{\"@type\":\"ListItem\",\"position\":1,\"name\":\"Home\",\"item\":\"https:\\\/\\\/www.blackstudio.it\\\/en\\\/\"},{\"@type\":\"ListItem\",\"position\":2,\"name\":\"Insights\",\"item\":\"https:\\\/\\\/www.blackstudio.it\\\/en\\\/insights\\\/\"},{\"@type\":\"ListItem\",\"position\":3,\"name\":\"Partnership\",\"item\":\"https:\\\/\\\/www.blackstudio.it\\\/en\\\/insights\\\/partnership\\\/\"},{\"@type\":\"ListItem\",\"position\":4,\"name\":\"Partnership YITH\"}]},{\"@type\":\"WebSite\",\"@id\":\"https:\\\/\\\/www.blackstudio.it\\\/en\\\/#website\",\"url\":\"https:\\\/\\\/www.blackstudio.it\\\/en\\\/\",\"name\":\"Black Studio\",\"description\":\"Realizzazione siti web, grafica e comunicazione\",\"publisher\":{\"@id\":\"https:\\\/\\\/www.blackstudio.it\\\/en\\\/#organization\"},\"potentialAction\":[{\"@type\":\"SearchAction\",\"target\":{\"@type\":\"EntryPoint\",\"urlTemplate\":\"https:\\\/\\\/www.blackstudio.it\\\/en\\\/?s={search_term_string}\"},\"query-input\":{\"@type\":\"PropertyValueSpecification\",\"valueRequired\":true,\"valueName\":\"search_term_string\"}}],\"inLanguage\":\"it-IT\"},{\"@type\":\"Organization\",\"@id\":\"https:\\\/\\\/www.blackstudio.it\\\/en\\\/#organization\",\"name\":\"Black Studio\",\"url\":\"https:\\\/\\\/www.blackstudio.it\\\/en\\\/\",\"logo\":{\"@type\":\"ImageObject\",\"inLanguage\":\"it-IT\",\"@id\":\"https:\\\/\\\/www.blackstudio.it\\\/en\\\/#\\\/schema\\\/logo\\\/image\\\/\",\"url\":\"https:\\\/\\\/www.blackstudio.it\\\/en\\\/wp-content\\\/uploads\\\/logo-black-studio-verticale-bianco.svg\",\"contentUrl\":\"https:\\\/\\\/www.blackstudio.it\\\/en\\\/wp-content\\\/uploads\\\/logo-black-studio-verticale-bianco.svg\",\"width\":\"1024\",\"height\":\"1024\",\"caption\":\"Black Studio\"},\"image\":{\"@id\":\"https:\\\/\\\/www.blackstudio.it\\\/en\\\/#\\\/schema\\\/logo\\\/image\\\/\"},\"sameAs\":[\"https:\\\/\\\/www.facebook.com\\\/blackstudiocomunicazione\",\"https:\\\/\\\/x.com\\\/blackstudioita\",\"https:\\\/\\\/github.com\\\/black-studio\",\"https:\\\/\\\/www.linkedin.com\\\/company\\\/black-studio\"]}]}<\/script>\n<!-- \/ Yoast SEO plugin. -->","yoast_head_json":{"title":"Partnership YITH - Black Studio","robots":{"index":"index","follow":"follow","max-snippet":"max-snippet:-1","max-image-preview":"max-image-preview:large","max-video-preview":"max-video-preview:-1"},"canonical":"https:\/\/www.blackstudio.it\/en\/insights\/partnership\/yith-woocommerce\/","og_locale":"it_IT","og_type":"article","og_title":"Partnership YITH - Black Studio","og_description":"Black Studio \u00e8 Support Partner di YITH Supporto plugin YITH Black Studio \u00e8 Support Partner di YITH, fornendo assistenza tecnica in lingua italiana e inglese. Eroghiamo i nostri servizi sia con un pricing a progetto che a tariffazione oraria, a seconda della tipologia e dimensione del lavoro. Ti raccomandiamo di leggere con attenzione le informazioni [&hellip;]","og_url":"https:\/\/www.blackstudio.it\/en\/insights\/partnership\/yith-woocommerce\/","og_site_name":"Black Studio","article_publisher":"https:\/\/www.facebook.com\/blackstudiocomunicazione","article_modified_time":"2023-12-20T12:13:44+00:00","og_image":[{"url":"https:\/\/www.blackstudio.it\/en\/wp-content\/uploads\/yith-logo-2020.png","type":"","width":"","height":""}],"twitter_card":"summary_large_image","twitter_site":"@blackstudioita","twitter_misc":{"Tempo di lettura stimato":"3 minuti"},"schema":{"@context":"https:\/\/schema.org","@graph":[{"@type":"WebPage","@id":"https:\/\/www.blackstudio.it\/en\/insights\/partnership\/yith-woocommerce\/","url":"https:\/\/www.blackstudio.it\/en\/insights\/partnership\/yith-woocommerce\/","name":"Partnership YITH - Black Studio","isPartOf":{"@id":"https:\/\/www.blackstudio.it\/en\/#website"},"primaryImageOfPage":{"@id":"https:\/\/www.blackstudio.it\/en\/insights\/partnership\/yith-woocommerce\/#primaryimage"},"image":{"@id":"https:\/\/www.blackstudio.it\/en\/insights\/partnership\/yith-woocommerce\/#primaryimage"},"thumbnailUrl":"https:\/\/www.blackstudio.it\/en\/wp-content\/uploads\/yith-logo-2020.png","datePublished":"2020-11-06T18:03:02+00:00","dateModified":"2023-12-20T12:13:44+00:00","breadcrumb":{"@id":"https:\/\/www.blackstudio.it\/en\/insights\/partnership\/yith-woocommerce\/#breadcrumb"},"inLanguage":"it-IT","potentialAction":[{"@type":"ReadAction","target":["https:\/\/www.blackstudio.it\/en\/insights\/partnership\/yith-woocommerce\/"]}]},{"@type":"ImageObject","inLanguage":"it-IT","@id":"https:\/\/www.blackstudio.it\/en\/insights\/partnership\/yith-woocommerce\/#primaryimage","url":"https:\/\/www.blackstudio.it\/en\/wp-content\/uploads\/yith-logo-2020.png","contentUrl":"https:\/\/www.blackstudio.it\/en\/wp-content\/uploads\/yith-logo-2020.png","width":1200,"height":293,"caption":"Yith partner"},{"@type":"BreadcrumbList","@id":"https:\/\/www.blackstudio.it\/en\/insights\/partnership\/yith-woocommerce\/#breadcrumb","itemListElement":[{"@type":"ListItem","position":1,"name":"Home","item":"https:\/\/www.blackstudio.it\/en\/"},{"@type":"ListItem","position":2,"name":"Insights","item":"https:\/\/www.blackstudio.it\/en\/insights\/"},{"@type":"ListItem","position":3,"name":"Partnership","item":"https:\/\/www.blackstudio.it\/en\/insights\/partnership\/"},{"@type":"ListItem","position":4,"name":"Partnership YITH"}]},{"@type":"WebSite","@id":"https:\/\/www.blackstudio.it\/en\/#website","url":"https:\/\/www.blackstudio.it\/en\/","name":"Black Studio","description":"Realizzazione siti web, grafica e comunicazione","publisher":{"@id":"https:\/\/www.blackstudio.it\/en\/#organization"},"potentialAction":[{"@type":"SearchAction","target":{"@type":"EntryPoint","urlTemplate":"https:\/\/www.blackstudio.it\/en\/?s={search_term_string}"},"query-input":{"@type":"PropertyValueSpecification","valueRequired":true,"valueName":"search_term_string"}}],"inLanguage":"it-IT"},{"@type":"Organization","@id":"https:\/\/www.blackstudio.it\/en\/#organization","name":"Black Studio","url":"https:\/\/www.blackstudio.it\/en\/","logo":{"@type":"ImageObject","inLanguage":"it-IT","@id":"https:\/\/www.blackstudio.it\/en\/#\/schema\/logo\/image\/","url":"https:\/\/www.blackstudio.it\/en\/wp-content\/uploads\/logo-black-studio-verticale-bianco.svg","contentUrl":"https:\/\/www.blackstudio.it\/en\/wp-content\/uploads\/logo-black-studio-verticale-bianco.svg","width":"1024","height":"1024","caption":"Black Studio"},"image":{"@id":"https:\/\/www.blackstudio.it\/en\/#\/schema\/logo\/image\/"},"sameAs":["https:\/\/www.facebook.com\/blackstudiocomunicazione","https:\/\/x.com\/blackstudioita","https:\/\/github.com\/black-studio","https:\/\/www.linkedin.com\/company\/black-studio"]}]}},"_links":{"self":[{"href":"https:\/\/www.blackstudio.it\/en\/wp-json\/wp\/v2\/pages\/4210","targetHints":{"allow":["GET"]}}],"collection":[{"href":"https:\/\/www.blackstudio.it\/en\/wp-json\/wp\/v2\/pages"}],"about":[{"href":"https:\/\/www.blackstudio.it\/en\/wp-json\/wp\/v2\/types\/page"}],"author":[{"embeddable":true,"href":"https:\/\/www.blackstudio.it\/en\/wp-json\/wp\/v2\/users\/1"}],"replies":[{"embeddable":true,"href":"https:\/\/www.blackstudio.it\/en\/wp-json\/wp\/v2\/comments?post=4210"}],"version-history":[{"count":6,"href":"https:\/\/www.blackstudio.it\/en\/wp-json\/wp\/v2\/pages\/4210\/revisions"}],"predecessor-version":[{"id":7389,"href":"https:\/\/www.blackstudio.it\/en\/wp-json\/wp\/v2\/pages\/4210\/revisions\/7389"}],"up":[{"embeddable":true,"href":"https:\/\/www.blackstudio.it\/en\/wp-json\/wp\/v2\/pages\/4173"}],"wp:attachment":[{"href":"https:\/\/www.blackstudio.it\/en\/wp-json\/wp\/v2\/media?parent=4210"}],"curies":[{"name":"wp","href":"https:\/\/api.w.org\/{rel}","templated":true}]}}